{"id":85,"date":"2023-10-12T07:17:32","date_gmt":"2023-10-12T07:17:32","guid":{"rendered":"https:\/\/hidropneumatika.hr\/?page_id=85"},"modified":"2023-10-12T08:39:20","modified_gmt":"2023-10-12T08:39:20","slug":"sirenje-na-trziste-eu","status":"publish","type":"page","link":"https:\/\/hidropneumatika.hr\/de\/sirenje-na-trziste-eu\/","title":{"rendered":"Expansion auf den EU-Markt"},"content":{"rendered":"<div data-elementor-type=\"wp-page\" data-elementor-id=\"85\" class=\"elementor elementor-85\" data-elementor-post-type=\"page\">\n\t\t\t\t<div class=\"elementor-element elementor-element-a08f4c7 e-flex e-con-boxed e-con e-parent\" data-id=\"a08f4c7\" data-element_type=\"container\" data-e-type=\"container\">\n\t\t\t\t\t<div class=\"e-con-inner\">\n\t\t\t\t<div class=\"elementor-element elementor-element-fa189cf elementor-widget elementor-widget-heading\" data-id=\"fa189cf\" data-element_type=\"widget\" data-e-type=\"widget\" data-widget_type=\"heading.default\">\n\t\t\t\t<div class=\"elementor-widget-container\">\n\t\t\t\t\t<h2 class=\"elementor-heading-title elementor-size-default\">EXPANSION AUF DEN EU-MARKT<\/h2>\t\t\t\t<\/div>\n\t\t\t\t<\/div>\n\t\t\t\t<div class=\"elementor-element elementor-element-6b414e41 elementor-widget elementor-widget-text-editor\" data-id=\"6b414e41\" data-element_type=\"widget\" data-e-type=\"widget\" data-widget_type=\"text-editor.default\">\n\t\t\t\t<div class=\"elementor-widget-container\">\n\t\t\t\t\t\t\t\t\t<p><strong>Kurze Beschreibung des Projekts:<\/strong><\/p><p>Um unsere Produkte einfacher vermarkten zu k\u00f6nnen, m\u00fcssen wir auf dem EU-Markt erkennbar sein. Um dies zu erreichen, haben wir uns durch ein Projekt entschieden\u00a0<strong><em>Expansion auf den EU-Markt<\/em><\/strong>\u00a0treten auf Messen in Slowenien und Deutschland auf. Damit k\u00f6nnten wir auf ein Problem wie den Wettbewerb reagieren und die Qualit\u00e4t unserer Produkte nachweisen.<\/p><p>\u00a0<\/p><p><strong>Ziele und erwartete Ergebnisse des Projekts:<\/strong><\/p><p>Durch den Auftritt auf Messen in EU-L\u00e4ndern wollen wir den Bekanntheitsgrad des Unternehmens erh\u00f6hen und unser Gesch\u00e4ft verbessern. Das erwartete Ergebnis davon ist eine Steigerung der Produktion und des Exports von Produkten auf den EU-Markt. Durch die Ausstellung unserer Produkte k\u00f6nnen wir eine Steigerung der Anzahl potenzieller Kunden und eine Anerkennung der Qualit\u00e4t unserer Hauptprodukte, der Hydraulikzylinder, erwarten.<\/p><p>\u00a0<\/p><p><strong>Gesamtwert des Projekts:<\/strong>\u00a0 237.847,00 Kn<\/p><p><strong>Von der EU kofinanzierter Betrag:<\/strong>\u00a0201.043,70 Kn<\/p><p><strong>Projektdurchf\u00fchrungszeitraum:<\/strong>\u00a0von 01.01.2019. bis 1.12.2021.<\/p><p><strong>Kontakt f\u00fcr weitere Informationen:<\/strong>\u00a0\u00a0Vlatka Danani\u0107 Pecak \u2013\u00a0<span id=\"cloak56378fb1987f545345ba2a5424ef29e9\"><a href=\"mailto:vlatkadp@hidropneumatika.hr\">vlatkadp@hidropneumatika.hr<\/a><\/span><\/p><p>NEIN. Vertrag: KK.03.2.1.160097<\/p><p>Das Projekt wurde von der Europ\u00e4ischen Union aus dem Europ\u00e4ischen Fonds f\u00fcr regionale Entwicklung kofinanziert.<\/p><p>\u00a0<\/p><p><strong>Relevante Websites:<\/strong><\/p><p><a href=\"http:\/\/www.strukturnifondovi.hr\/\" target=\"_blank\" rel=\"noopener\">www.strukturnifondovi.hr<\/a><\/p><p><a href=\"https:\/\/strukturnifondovi.hr\/eu-fondovi\/esi-fondovi-2014-2020\/op-konkurentnost-i-kohezija\/\" target=\"_blank\" rel=\"noopener\">https:\/\/strukturnifondovi.hr\/eu-fondovi\/esi-fondovi-2014-2020\/op-konkurentnost-i-kohezija\/<\/a><\/p><p>\u00a0<\/p><p>F\u00fcr den Inhalt der Website ist ausschlie\u00dflich Hidropneumatika d.o.o. verantwortlich.<\/p>\t\t\t\t\t\t\t\t<\/div>\n\t\t\t\t<\/div>\n\t\t\t\t\t<\/div>\n\t\t\t\t<\/div>\n\t\t<div class=\"elementor-element elementor-element-4dc29baa e-flex e-con-boxed e-con e-parent\" data-id=\"4dc29baa\" data-element_type=\"container\" data-e-type=\"container\">\n\t\t\t\t\t<div class=\"e-con-inner\">\n\t\t\t\t<div class=\"elementor-element elementor-element-2574b72d elementor-widget elementor-widget-gallery\" data-id=\"2574b72d\" data-element_type=\"widget\" data-e-type=\"widget\" data-settings=\"{&quot;gallery_layout&quot;:&quot;justified&quot;,&quot;ideal_row_height&quot;:{&quot;unit&quot;:&quot;px&quot;,&quot;size&quot;:140,&quot;sizes&quot;:[]},&quot;gap&quot;:{&quot;unit&quot;:&quot;px&quot;,&quot;size&quot;:20,&quot;sizes&quot;:[]},&quot;lazyload&quot;:&quot;yes&quot;,&quot;ideal_row_height_tablet&quot;:{&quot;unit&quot;:&quot;px&quot;,&quot;size&quot;:150,&quot;sizes&quot;:[]},&quot;ideal_row_height_mobile&quot;:{&quot;unit&quot;:&quot;px&quot;,&quot;size&quot;:150,&quot;sizes&quot;:[]},&quot;gap_tablet&quot;:{&quot;unit&quot;:&quot;px&quot;,&quot;size&quot;:10,&quot;sizes&quot;:[]},&quot;gap_mobile&quot;:{&quot;unit&quot;:&quot;px&quot;,&quot;size&quot;:10,&quot;sizes&quot;:[]},&quot;link_to&quot;:&quot;file&quot;,&quot;overlay_background&quot;:&quot;yes&quot;,&quot;content_hover_animation&quot;:&quot;fade-in&quot;}\" data-widget_type=\"gallery.default\">\n\t\t\t\t<div class=\"elementor-widget-container\">\n\t\t\t\t\t\t\t<div class=\"elementor-gallery__container\">\n\t\t\t\t\t\t\t<a class=\"e-gallery-item elementor-gallery-item elementor-animated-content\" href=\"https:\/\/hidropneumatika.hr\/wp-content\/uploads\/2023\/10\/eu-logo-zajedno-do-fondova.png\" data-elementor-open-lightbox=\"yes\" data-elementor-lightbox-slideshow=\"2574b72d\" data-elementor-lightbox-title=\"eu-logo-zajedno-do-fondova.png\" data-e-action-hash=\"#elementor-action%3Aaction%3Dlightbox%26settings%3DeyJpZCI6MTYsInVybCI6Imh0dHBzOlwvXC9oaWRyb3BuZXVtYXRpa2EuaHJcL3dwLWNvbnRlbnRcL3VwbG9hZHNcLzIwMjNcLzEwXC9ldS1sb2dvLXphamVkbm8tZG8tZm9uZG92YS5wbmciLCJzbGlkZXNob3ciOiIyNTc0YjcyZCJ9\">\n\t\t\t\t\t<div class=\"e-gallery-image elementor-gallery-item__image\" data-thumbnail=\"https:\/\/hidropneumatika.hr\/wp-content\/uploads\/2023\/10\/eu-logo-zajedno-do-fondova.png\" data-width=\"384\" data-height=\"342\" aria-label=\"\" role=\"img\" ><\/div>\n\t\t\t\t\t\t\t\t\t\t\t<div class=\"elementor-gallery-item__overlay\"><\/div>\n\t\t\t\t\t\t\t\t\t\t\t\t\t\t<\/a>\n\t\t\t\t\t\t\t<a class=\"e-gallery-item elementor-gallery-item elementor-animated-content\" href=\"https:\/\/hidropneumatika.hr\/wp-content\/uploads\/2023\/10\/ESI-logotip_boja_bez-pozadine_manji-1.png\" data-elementor-open-lightbox=\"yes\" data-elementor-lightbox-slideshow=\"2574b72d\" data-elementor-lightbox-title=\"ESI-logotip_boja_bez-pozadine_manji.png\" data-e-action-hash=\"#elementor-action%3Aaction%3Dlightbox%26settings%3DeyJpZCI6MTUsInVybCI6Imh0dHBzOlwvXC9oaWRyb3BuZXVtYXRpa2EuaHJcL3dwLWNvbnRlbnRcL3VwbG9hZHNcLzIwMjNcLzEwXC9FU0ktbG9nb3RpcF9ib2phX2Jlei1wb3phZGluZV9tYW5qaS0xLnBuZyIsInNsaWRlc2hvdyI6IjI1NzRiNzJkIn0%3D\">\n\t\t\t\t\t<div class=\"e-gallery-image elementor-gallery-item__image\" data-thumbnail=\"https:\/\/hidropneumatika.hr\/wp-content\/uploads\/2023\/10\/ESI-logotip_boja_bez-pozadine_manji-1.png\" data-width=\"1256\" data-height=\"413\" aria-label=\"\" role=\"img\" ><\/div>\n\t\t\t\t\t\t\t\t\t\t\t<div class=\"elementor-gallery-item__overlay\"><\/div>\n\t\t\t\t\t\t\t\t\t\t\t\t\t\t<\/a>\n\t\t\t\t\t\t\t<a class=\"e-gallery-item elementor-gallery-item elementor-animated-content\" href=\"https:\/\/hidropneumatika.hr\/wp-content\/uploads\/2023\/10\/Flag_of_Croatia.svg_.png\" data-elementor-open-lightbox=\"yes\" data-elementor-lightbox-slideshow=\"2574b72d\" data-elementor-lightbox-title=\"Flag_of_Croatia.svg_.png\" data-e-action-hash=\"#elementor-action%3Aaction%3Dlightbox%26settings%3DeyJpZCI6MTQsInVybCI6Imh0dHBzOlwvXC9oaWRyb3BuZXVtYXRpa2EuaHJcL3dwLWNvbnRlbnRcL3VwbG9hZHNcLzIwMjNcLzEwXC9GbGFnX29mX0Nyb2F0aWEuc3ZnXy5wbmciLCJzbGlkZXNob3ciOiIyNTc0YjcyZCJ9\">\n\t\t\t\t\t<div class=\"e-gallery-image elementor-gallery-item__image\" data-thumbnail=\"https:\/\/hidropneumatika.hr\/wp-content\/uploads\/2023\/10\/Flag_of_Croatia.svg_.png\" data-width=\"1200\" data-height=\"600\" aria-label=\"\" role=\"img\" ><\/div>\n\t\t\t\t\t\t\t\t\t\t\t<div class=\"elementor-gallery-item__overlay\"><\/div>\n\t\t\t\t\t\t\t\t\t\t\t\t\t\t<\/a>\n\t\t\t\t\t\t\t<a class=\"e-gallery-item elementor-gallery-item elementor-animated-content\" href=\"https:\/\/hidropneumatika.hr\/wp-content\/uploads\/2023\/10\/OPKK-960-640-p-C-80.jpg\" data-elementor-open-lightbox=\"yes\" data-elementor-lightbox-slideshow=\"2574b72d\" data-elementor-lightbox-title=\"OPKK-960-640-p-C-80.jpg\" data-e-action-hash=\"#elementor-action%3Aaction%3Dlightbox%26settings%3DeyJpZCI6NTIsInVybCI6Imh0dHBzOlwvXC9oaWRyb3BuZXVtYXRpa2EuaHJcL3dwLWNvbnRlbnRcL3VwbG9hZHNcLzIwMjNcLzEwXC9PUEtLLTk2MC02NDAtcC1DLTgwLmpwZyIsInNsaWRlc2hvdyI6IjI1NzRiNzJkIn0%3D\">\n\t\t\t\t\t<div class=\"e-gallery-image elementor-gallery-item__image\" data-thumbnail=\"https:\/\/hidropneumatika.hr\/wp-content\/uploads\/2023\/10\/OPKK-960-640-p-C-80.jpg\" data-width=\"593\" data-height=\"393\" aria-label=\"\" role=\"img\" ><\/div>\n\t\t\t\t\t\t\t\t\t\t\t<div class=\"elementor-gallery-item__overlay\"><\/div>\n\t\t\t\t\t\t\t\t\t\t\t\t\t\t<\/a>\n\t\t\t\t\t<\/div>\n\t\t\t\t\t<\/div>\n\t\t\t\t<\/div>\n\t\t\t\t\t<\/div>\n\t\t\t\t<\/div>\n\t\t\t\t<\/div>","protected":false},"excerpt":{"rendered":"<p>\u0160IRENJE NA TR\u017dI\u0160TE EU Kratki opis projekta: Kako bismo lak\u0161e uspjeli plasirati svoje proizvode moramo biti prepoznatljivi na tr\u017ei\u0161tu EU. Da bismo to ostvarili odlu\u010dili smo kroz projekt\u00a0\u0160irenje na tr\u017ei\u0161te EU\u00a0odr\u017eati nastupe na sajmovima u Sloveniji i Njema\u010dkoj. Time bismo mogli odgovoriti na problem kao \u0161to je konkurencija i dokazati kvalitetu na\u0161ih proizvoda. \u00a0 Ciljevi [&hellip;]<\/p>\n","protected":false},"author":1,"featured_media":0,"parent":0,"menu_order":0,"comment_status":"closed","ping_status":"closed","template":"","meta":{"ocean_post_layout":"","ocean_both_sidebars_style":"","ocean_both_sidebars_content_width":0,"ocean_both_sidebars_sidebars_width":0,"ocean_sidebar":"","ocean_second_sidebar":"","ocean_disable_margins":"enable","ocean_add_body_class":"","ocean_shortcode_before_top_bar":"","ocean_shortcode_after_top_bar":"","ocean_shortcode_before_header":"","ocean_shortcode_after_header":"","ocean_has_shortcode":"","ocean_shortcode_after_title":"","ocean_shortcode_before_footer_widgets":"","ocean_shortcode_after_footer_widgets":"","ocean_shortcode_before_footer_bottom":"","ocean_shortcode_after_footer_bottom":"","ocean_display_top_bar":"default","ocean_display_header":"default","ocean_header_style":"","ocean_center_header_left_menu":"","ocean_custom_header_template":"","ocean_custom_logo":0,"ocean_custom_retina_logo":0,"ocean_custom_logo_max_width":0,"ocean_custom_logo_tablet_max_width":0,"ocean_custom_logo_mobile_max_width":0,"ocean_custom_logo_max_height":0,"ocean_custom_logo_tablet_max_height":0,"ocean_custom_logo_mobile_max_height":0,"ocean_header_custom_menu":"","ocean_menu_typo_font_family":"","ocean_menu_typo_font_subset":"","ocean_menu_typo_font_size":0,"ocean_menu_typo_font_size_tablet":0,"ocean_menu_typo_font_size_mobile":0,"ocean_menu_typo_font_size_unit":"px","ocean_menu_typo_font_weight":"","ocean_menu_typo_font_weight_tablet":"","ocean_menu_typo_font_weight_mobile":"","ocean_menu_typo_transform":"","ocean_menu_typo_transform_tablet":"","ocean_menu_typo_transform_mobile":"","ocean_menu_typo_line_height":0,"ocean_menu_typo_line_height_tablet":0,"ocean_menu_typo_line_height_mobile":0,"ocean_menu_typo_line_height_unit":"","ocean_menu_typo_spacing":0,"ocean_menu_typo_spacing_tablet":0,"ocean_menu_typo_spacing_mobile":0,"ocean_menu_typo_spacing_unit":"","ocean_menu_link_color":"","ocean_menu_link_color_hover":"","ocean_menu_link_color_active":"","ocean_menu_link_background":"","ocean_menu_link_hover_background":"","ocean_menu_link_active_background":"","ocean_menu_social_links_bg":"","ocean_menu_social_hover_links_bg":"","ocean_menu_social_links_color":"","ocean_menu_social_hover_links_color":"","ocean_disable_title":"default","ocean_disable_heading":"default","ocean_post_title":"","ocean_post_subheading":"","ocean_post_title_style":"","ocean_post_title_background_color":"","ocean_post_title_background":0,"ocean_post_title_bg_image_position":"","ocean_post_title_bg_image_attachment":"","ocean_post_title_bg_image_repeat":"","ocean_post_title_bg_image_size":"","ocean_post_title_height":0,"ocean_post_title_bg_overlay":0.5,"ocean_post_title_bg_overlay_color":"","ocean_disable_breadcrumbs":"default","ocean_breadcrumbs_color":"","ocean_breadcrumbs_separator_color":"","ocean_breadcrumbs_links_color":"","ocean_breadcrumbs_links_hover_color":"","ocean_display_footer_widgets":"default","ocean_display_footer_bottom":"default","ocean_custom_footer_template":"","iawp_total_views":0,"footnotes":""},"class_list":["post-85","page","type-page","status-publish","hentry","entry","owp-thumbs-layout-horizontal","owp-btn-normal","owp-tabs-layout-horizontal","has-no-thumbnails","has-product-nav"],"_links":{"self":[{"href":"https:\/\/hidropneumatika.hr\/de\/wp-json\/wp\/v2\/pages\/85","targetHints":{"allow":["GET"]}}],"collection":[{"href":"https:\/\/hidropneumatika.hr\/de\/wp-json\/wp\/v2\/pages"}],"about":[{"href":"https:\/\/hidropneumatika.hr\/de\/wp-json\/wp\/v2\/types\/page"}],"author":[{"embeddable":true,"href":"https:\/\/hidropneumatika.hr\/de\/wp-json\/wp\/v2\/users\/1"}],"replies":[{"embeddable":true,"href":"https:\/\/hidropneumatika.hr\/de\/wp-json\/wp\/v2\/comments?post=85"}],"version-history":[{"count":7,"href":"https:\/\/hidropneumatika.hr\/de\/wp-json\/wp\/v2\/pages\/85\/revisions"}],"predecessor-version":[{"id":171,"href":"https:\/\/hidropneumatika.hr\/de\/wp-json\/wp\/v2\/pages\/85\/revisions\/171"}],"wp:attachment":[{"href":"https:\/\/hidropneumatika.hr\/de\/wp-json\/wp\/v2\/media?parent=85"}],"curies":[{"name":"wp","href":"https:\/\/api.w.org\/{rel}","templated":true}]}}