{"id":95,"date":"2023-10-12T07:19:19","date_gmt":"2023-10-12T07:19:19","guid":{"rendered":"https:\/\/hidropneumatika.hr\/?page_id=95"},"modified":"2023-10-12T08:42:01","modified_gmt":"2023-10-12T08:42:01","slug":"jacanje-konkurentnosti-poduzeca","status":"publish","type":"page","link":"https:\/\/hidropneumatika.hr\/de\/jacanje-konkurentnosti-poduzeca\/","title":{"rendered":"St\u00e4rkung der Wettbewerbsf\u00e4higkeit von Unternehmen"},"content":{"rendered":"<div data-elementor-type=\"wp-page\" data-elementor-id=\"95\" class=\"elementor elementor-95\" data-elementor-post-type=\"page\">\n\t\t\t\t<div class=\"elementor-element elementor-element-3d8b1e68 e-flex e-con-boxed e-con e-parent\" data-id=\"3d8b1e68\" data-element_type=\"container\" data-e-type=\"container\">\n\t\t\t\t\t<div class=\"e-con-inner\">\n\t\t\t\t<div class=\"elementor-element elementor-element-14062009 elementor-widget elementor-widget-heading\" data-id=\"14062009\" data-element_type=\"widget\" data-e-type=\"widget\" data-widget_type=\"heading.default\">\n\t\t\t\t<div class=\"elementor-widget-container\">\n\t\t\t\t\t<h2 class=\"elementor-heading-title elementor-size-default\">ST\u00c4RKUNG DER WETTBEWERBSF\u00c4HIGKEIT DES UNTERNEHMENS\n<\/h2>\t\t\t\t<\/div>\n\t\t\t\t<\/div>\n\t\t\t\t<div class=\"elementor-element elementor-element-61a57eb6 elementor-widget elementor-widget-text-editor\" data-id=\"61a57eb6\" data-element_type=\"widget\" data-e-type=\"widget\" data-widget_type=\"text-editor.default\">\n\t\t\t\t<div class=\"elementor-widget-container\">\n\t\t\t\t\t\t\t\t\t<p><strong>PROJEKTNAME: St\u00e4rkung der Wettbewerbsf\u00e4higkeit des Unternehmens HIDROPNEUMATIKA d.o.o. durch Investitionen in den digitalen und gr\u00fcnen Wandel<\/strong><\/p><p><strong>BENUTZERNAME: HIDROPNEUMATIKA d.o.o., Gornje Psarjevo 16B, Sveti Ivan Zelina<\/strong><\/p><p>\u00a0<\/p><p><strong>PROJEKT\u00dcBERSICHT:<\/strong><\/p><p>Das betreffende Projekt l\u00f6st das Problem der verminderten Wettbewerbsf\u00e4higkeit von Unternehmen und die Auswirkungen der Folgen, die durch die Ausbreitung der COVID-19-Pandemie verursacht werden, durch Investitionen in gr\u00fcne und digitale Technologien. Ziel des Projekts ist die Steigerung der Wettbewerbsf\u00e4higkeit des Antragstellers, seine Digitalisierung, Energieeffizienz und Reduzierung des Abfallaufkommens. Das Projekt f\u00fchrt drei neue technologische L\u00f6sungen ein, die das Gesch\u00e4ft des Antragstellers optimieren werden. Das Projekt wird durch die Schaffung von 6 neuen Arbeitspl\u00e4tzen zum Besch\u00e4ftigungswachstum und zum Wachstum der Verkaufserl\u00f6se um 26 % und der Exporterl\u00f6se um 26 % im Jahr m+2 beitragen.<\/p><p>\u00a0<\/p><p><strong>GESAMTPROJEKTBETRAG:<\/strong>\u00a03.122.752,50 kn<\/p><p><strong>H\u00d6HE DER EU-F\u00d6RDERUNG<\/strong>\u00a01.112.365,90 kn<\/p><p><strong>DAUER DER UMSETZUNG:<\/strong>\u00a0von 1.1.2022. bis 1.2.2023.<\/p><p>Ansprechpartner f\u00fcr weitere Informationen: Vlatka Danani\u0107 Pecak \u2013\u00a0<span id=\"cloak6606d136a3fc150959bde161c9d08747\"><a href=\"mailto:vlatkadp@hidropneumatika.hr\">vlatkadp@hidropneumatika.hr<\/a><\/span><\/p><p><strong>Das Projekt wurde von der Europ\u00e4ischen Union aus dem Europ\u00e4ischen Fonds f\u00fcr regionale Entwicklung und dem Aufbauhilfeinstrument f\u00fcr Koh\u00e4sion und europ\u00e4ische R\u00e4ume \u201eREACT-EU\u201c kofinanziert.<\/strong><\/p><p><strong>\u00a0<\/strong><\/p><p>F\u00fcr mehr Informationen:<\/p><ul><li><a href=\"http:\/\/www.strukturnifondovi.hr\/\" target=\"_blank\" rel=\"noopener\">strukturnifondovi.hr<\/a><\/li><li><a href=\"https:\/\/www.europarl.europa.eu\/factsheets\/hr\/sheet\/215\/pomoc-za-oporavak-za-koheziju-i-europska-podrucja-react-eu-\" target=\"_blank\" rel=\"noopener\">https:\/\/www.europarl.europa.eu\/factsheets\/hr\/sheet\/215\/pomoc-za-oporavak-za-koheziju-i-europska-podrucja-react-eu-<\/a><\/li><\/ul><p>F\u00fcr den Inhalt der Website ist ausschlie\u00dflich Hidropneumatika d.o.o. verantwortlich.<\/p>\t\t\t\t\t\t\t\t<\/div>\n\t\t\t\t<\/div>\n\t\t\t\t\t<\/div>\n\t\t\t\t<\/div>\n\t\t<div class=\"elementor-element elementor-element-11d7f5c3 e-flex e-con-boxed e-con e-parent\" data-id=\"11d7f5c3\" data-element_type=\"container\" data-e-type=\"container\">\n\t\t\t\t\t<div class=\"e-con-inner\">\n\t\t\t\t<div class=\"elementor-element elementor-element-4cbd71f7 elementor-widget elementor-widget-gallery\" data-id=\"4cbd71f7\" data-element_type=\"widget\" data-e-type=\"widget\" data-settings=\"{&quot;gallery_layout&quot;:&quot;justified&quot;,&quot;ideal_row_height&quot;:{&quot;unit&quot;:&quot;px&quot;,&quot;size&quot;:140,&quot;sizes&quot;:[]},&quot;gap&quot;:{&quot;unit&quot;:&quot;px&quot;,&quot;size&quot;:20,&quot;sizes&quot;:[]},&quot;lazyload&quot;:&quot;yes&quot;,&quot;ideal_row_height_tablet&quot;:{&quot;unit&quot;:&quot;px&quot;,&quot;size&quot;:150,&quot;sizes&quot;:[]},&quot;ideal_row_height_mobile&quot;:{&quot;unit&quot;:&quot;px&quot;,&quot;size&quot;:150,&quot;sizes&quot;:[]},&quot;gap_tablet&quot;:{&quot;unit&quot;:&quot;px&quot;,&quot;size&quot;:10,&quot;sizes&quot;:[]},&quot;gap_mobile&quot;:{&quot;unit&quot;:&quot;px&quot;,&quot;size&quot;:10,&quot;sizes&quot;:[]},&quot;link_to&quot;:&quot;file&quot;,&quot;overlay_background&quot;:&quot;yes&quot;,&quot;content_hover_animation&quot;:&quot;fade-in&quot;}\" data-widget_type=\"gallery.default\">\n\t\t\t\t<div class=\"elementor-widget-container\">\n\t\t\t\t\t\t\t<div class=\"elementor-gallery__container\">\n\t\t\t\t\t\t\t<a class=\"e-gallery-item elementor-gallery-item elementor-animated-content\" href=\"https:\/\/hidropneumatika.hr\/wp-content\/uploads\/2023\/10\/eu-logo-zajedno-do-fondova.png\" data-elementor-open-lightbox=\"yes\" data-elementor-lightbox-slideshow=\"4cbd71f7\" data-elementor-lightbox-title=\"eu-logo-zajedno-do-fondova.png\" data-e-action-hash=\"#elementor-action%3Aaction%3Dlightbox%26settings%3DeyJpZCI6MTYsInVybCI6Imh0dHBzOlwvXC9oaWRyb3BuZXVtYXRpa2EuaHJcL3dwLWNvbnRlbnRcL3VwbG9hZHNcLzIwMjNcLzEwXC9ldS1sb2dvLXphamVkbm8tZG8tZm9uZG92YS5wbmciLCJzbGlkZXNob3ciOiI0Y2JkNzFmNyJ9\">\n\t\t\t\t\t<div class=\"e-gallery-image elementor-gallery-item__image\" data-thumbnail=\"https:\/\/hidropneumatika.hr\/wp-content\/uploads\/2023\/10\/eu-logo-zajedno-do-fondova.png\" data-width=\"384\" data-height=\"342\" aria-label=\"\" role=\"img\" ><\/div>\n\t\t\t\t\t\t\t\t\t\t\t<div class=\"elementor-gallery-item__overlay\"><\/div>\n\t\t\t\t\t\t\t\t\t\t\t\t\t\t<\/a>\n\t\t\t\t\t\t\t<a class=\"e-gallery-item elementor-gallery-item elementor-animated-content\" href=\"https:\/\/hidropneumatika.hr\/wp-content\/uploads\/2023\/10\/ESI-logotip_boja_bez-pozadine_manji-1.png\" data-elementor-open-lightbox=\"yes\" data-elementor-lightbox-slideshow=\"4cbd71f7\" data-elementor-lightbox-title=\"ESI-logotip_boja_bez-pozadine_manji.png\" data-e-action-hash=\"#elementor-action%3Aaction%3Dlightbox%26settings%3DeyJpZCI6MTUsInVybCI6Imh0dHBzOlwvXC9oaWRyb3BuZXVtYXRpa2EuaHJcL3dwLWNvbnRlbnRcL3VwbG9hZHNcLzIwMjNcLzEwXC9FU0ktbG9nb3RpcF9ib2phX2Jlei1wb3phZGluZV9tYW5qaS0xLnBuZyIsInNsaWRlc2hvdyI6IjRjYmQ3MWY3In0%3D\">\n\t\t\t\t\t<div class=\"e-gallery-image elementor-gallery-item__image\" data-thumbnail=\"https:\/\/hidropneumatika.hr\/wp-content\/uploads\/2023\/10\/ESI-logotip_boja_bez-pozadine_manji-1.png\" data-width=\"1256\" data-height=\"413\" aria-label=\"\" role=\"img\" ><\/div>\n\t\t\t\t\t\t\t\t\t\t\t<div class=\"elementor-gallery-item__overlay\"><\/div>\n\t\t\t\t\t\t\t\t\t\t\t\t\t\t<\/a>\n\t\t\t\t\t\t\t<a class=\"e-gallery-item elementor-gallery-item elementor-animated-content\" href=\"https:\/\/hidropneumatika.hr\/wp-content\/uploads\/2023\/10\/Flag_of_Croatia.svg_.png\" data-elementor-open-lightbox=\"yes\" data-elementor-lightbox-slideshow=\"4cbd71f7\" data-elementor-lightbox-title=\"Flag_of_Croatia.svg_.png\" data-e-action-hash=\"#elementor-action%3Aaction%3Dlightbox%26settings%3DeyJpZCI6MTQsInVybCI6Imh0dHBzOlwvXC9oaWRyb3BuZXVtYXRpa2EuaHJcL3dwLWNvbnRlbnRcL3VwbG9hZHNcLzIwMjNcLzEwXC9GbGFnX29mX0Nyb2F0aWEuc3ZnXy5wbmciLCJzbGlkZXNob3ciOiI0Y2JkNzFmNyJ9\">\n\t\t\t\t\t<div class=\"e-gallery-image elementor-gallery-item__image\" data-thumbnail=\"https:\/\/hidropneumatika.hr\/wp-content\/uploads\/2023\/10\/Flag_of_Croatia.svg_.png\" data-width=\"1200\" data-height=\"600\" aria-label=\"\" role=\"img\" ><\/div>\n\t\t\t\t\t\t\t\t\t\t\t<div class=\"elementor-gallery-item__overlay\"><\/div>\n\t\t\t\t\t\t\t\t\t\t\t\t\t\t<\/a>\n\t\t\t\t\t\t\t<a class=\"e-gallery-item elementor-gallery-item elementor-animated-content\" href=\"https:\/\/hidropneumatika.hr\/wp-content\/uploads\/2023\/10\/OPKK-960-640-p-C-80.jpg\" data-elementor-open-lightbox=\"yes\" data-elementor-lightbox-slideshow=\"4cbd71f7\" data-elementor-lightbox-title=\"OPKK-960-640-p-C-80.jpg\" data-e-action-hash=\"#elementor-action%3Aaction%3Dlightbox%26settings%3DeyJpZCI6NTIsInVybCI6Imh0dHBzOlwvXC9oaWRyb3BuZXVtYXRpa2EuaHJcL3dwLWNvbnRlbnRcL3VwbG9hZHNcLzIwMjNcLzEwXC9PUEtLLTk2MC02NDAtcC1DLTgwLmpwZyIsInNsaWRlc2hvdyI6IjRjYmQ3MWY3In0%3D\">\n\t\t\t\t\t<div class=\"e-gallery-image elementor-gallery-item__image\" data-thumbnail=\"https:\/\/hidropneumatika.hr\/wp-content\/uploads\/2023\/10\/OPKK-960-640-p-C-80.jpg\" data-width=\"593\" data-height=\"393\" aria-label=\"\" role=\"img\" ><\/div>\n\t\t\t\t\t\t\t\t\t\t\t<div class=\"elementor-gallery-item__overlay\"><\/div>\n\t\t\t\t\t\t\t\t\t\t\t\t\t\t<\/a>\n\t\t\t\t\t<\/div>\n\t\t\t\t\t<\/div>\n\t\t\t\t<\/div>\n\t\t\t\t\t<\/div>\n\t\t\t\t<\/div>\n\t\t\t\t<\/div>","protected":false},"excerpt":{"rendered":"<p>JA\u010cANJE KONKURENTNOSTI PODUZE\u0106A NAZIV PROJEKTA: Ja\u010danje konkurentnosti poduze\u0107a HIDROPNEUMATIKA d.o.o. ulaganjem u digitalnu i zelenu tranziciju NAZIV KORISNIKA: HIDROPNEUMATIKA d.o.o., Gornje Psarjevo16B, Sveti Ivan Zelina \u00a0 SA\u017dETAK PROJEKTA: Predmetnim projektom rje\u0161ava se problem smanjene konkurentnosti poduze\u0107a i utjecaj posljedica uzrokovanih \u0161irenjem pandemije COVID-19 ulaganjem u zelene i digitalne tehnologije. Cilj projekta je pove\u0107anje konkurentnosti Prijavitelja, [&hellip;]<\/p>\n","protected":false},"author":1,"featured_media":0,"parent":0,"menu_order":0,"comment_status":"closed","ping_status":"closed","template":"","meta":{"ocean_post_layout":"","ocean_both_sidebars_style":"","ocean_both_sidebars_content_width":0,"ocean_both_sidebars_sidebars_width":0,"ocean_sidebar":"","ocean_second_sidebar":"","ocean_disable_margins":"enable","ocean_add_body_class":"","ocean_shortcode_before_top_bar":"","ocean_shortcode_after_top_bar":"","ocean_shortcode_before_header":"","ocean_shortcode_after_header":"","ocean_has_shortcode":"","ocean_shortcode_after_title":"","ocean_shortcode_before_footer_widgets":"","ocean_shortcode_after_footer_widgets":"","ocean_shortcode_before_footer_bottom":"","ocean_shortcode_after_footer_bottom":"","ocean_display_top_bar":"default","ocean_display_header":"default","ocean_header_style":"","ocean_center_header_left_menu":"","ocean_custom_header_template":"","ocean_custom_logo":0,"ocean_custom_retina_logo":0,"ocean_custom_logo_max_width":0,"ocean_custom_logo_tablet_max_width":0,"ocean_custom_logo_mobile_max_width":0,"ocean_custom_logo_max_height":0,"ocean_custom_logo_tablet_max_height":0,"ocean_custom_logo_mobile_max_height":0,"ocean_header_custom_menu":"","ocean_menu_typo_font_family":"","ocean_menu_typo_font_subset":"","ocean_menu_typo_font_size":0,"ocean_menu_typo_font_size_tablet":0,"ocean_menu_typo_font_size_mobile":0,"ocean_menu_typo_font_size_unit":"px","ocean_menu_typo_font_weight":"","ocean_menu_typo_font_weight_tablet":"","ocean_menu_typo_font_weight_mobile":"","ocean_menu_typo_transform":"","ocean_menu_typo_transform_tablet":"","ocean_menu_typo_transform_mobile":"","ocean_menu_typo_line_height":0,"ocean_menu_typo_line_height_tablet":0,"ocean_menu_typo_line_height_mobile":0,"ocean_menu_typo_line_height_unit":"","ocean_menu_typo_spacing":0,"ocean_menu_typo_spacing_tablet":0,"ocean_menu_typo_spacing_mobile":0,"ocean_menu_typo_spacing_unit":"","ocean_menu_link_color":"","ocean_menu_link_color_hover":"","ocean_menu_link_color_active":"","ocean_menu_link_background":"","ocean_menu_link_hover_background":"","ocean_menu_link_active_background":"","ocean_menu_social_links_bg":"","ocean_menu_social_hover_links_bg":"","ocean_menu_social_links_color":"","ocean_menu_social_hover_links_color":"","ocean_disable_title":"default","ocean_disable_heading":"default","ocean_post_title":"","ocean_post_subheading":"","ocean_post_title_style":"","ocean_post_title_background_color":"","ocean_post_title_background":0,"ocean_post_title_bg_image_position":"","ocean_post_title_bg_image_attachment":"","ocean_post_title_bg_image_repeat":"","ocean_post_title_bg_image_size":"","ocean_post_title_height":0,"ocean_post_title_bg_overlay":0.5,"ocean_post_title_bg_overlay_color":"","ocean_disable_breadcrumbs":"default","ocean_breadcrumbs_color":"","ocean_breadcrumbs_separator_color":"","ocean_breadcrumbs_links_color":"","ocean_breadcrumbs_links_hover_color":"","ocean_display_footer_widgets":"default","ocean_display_footer_bottom":"default","ocean_custom_footer_template":"","iawp_total_views":0,"footnotes":""},"class_list":["post-95","page","type-page","status-publish","hentry","entry","owp-thumbs-layout-horizontal","owp-btn-normal","owp-tabs-layout-horizontal","has-no-thumbnails","has-product-nav"],"_links":{"self":[{"href":"https:\/\/hidropneumatika.hr\/de\/wp-json\/wp\/v2\/pages\/95","targetHints":{"allow":["GET"]}}],"collection":[{"href":"https:\/\/hidropneumatika.hr\/de\/wp-json\/wp\/v2\/pages"}],"about":[{"href":"https:\/\/hidropneumatika.hr\/de\/wp-json\/wp\/v2\/types\/page"}],"author":[{"embeddable":true,"href":"https:\/\/hidropneumatika.hr\/de\/wp-json\/wp\/v2\/users\/1"}],"replies":[{"embeddable":true,"href":"https:\/\/hidropneumatika.hr\/de\/wp-json\/wp\/v2\/comments?post=95"}],"version-history":[{"count":7,"href":"https:\/\/hidropneumatika.hr\/de\/wp-json\/wp\/v2\/pages\/95\/revisions"}],"predecessor-version":[{"id":177,"href":"https:\/\/hidropneumatika.hr\/de\/wp-json\/wp\/v2\/pages\/95\/revisions\/177"}],"wp:attachment":[{"href":"https:\/\/hidropneumatika.hr\/de\/wp-json\/wp\/v2\/media?parent=95"}],"curies":[{"name":"wp","href":"https:\/\/api.w.org\/{rel}","templated":true}]}}