{"id":90,"date":"2023-10-12T07:18:20","date_gmt":"2023-10-12T07:18:20","guid":{"rendered":"https:\/\/hidropneumatika.hr\/?page_id=90"},"modified":"2023-10-12T08:41:11","modified_gmt":"2023-10-12T08:41:11","slug":"ikt","status":"publish","type":"page","link":"https:\/\/hidropneumatika.hr\/en\/ikt\/","title":{"rendered":"IKT"},"content":{"rendered":"<div data-elementor-type=\"wp-page\" data-elementor-id=\"90\" class=\"elementor elementor-90\" data-elementor-post-type=\"page\">\n\t\t\t\t<div class=\"elementor-element elementor-element-4f18a887 e-flex e-con-boxed e-con e-parent\" data-id=\"4f18a887\" data-element_type=\"container\" data-e-type=\"container\">\n\t\t\t\t\t<div class=\"e-con-inner\">\n\t\t\t\t<div class=\"elementor-element elementor-element-36d51bd9 elementor-widget elementor-widget-heading\" data-id=\"36d51bd9\" data-element_type=\"widget\" data-e-type=\"widget\" data-widget_type=\"heading.default\">\n\t\t\t\t<div class=\"elementor-widget-container\">\n\t\t\t\t\t<h2 class=\"elementor-heading-title elementor-size-default\">IMPROVING COMPETITIVENESS AND EFFICIENCY BY INTRODUCING ADVANCED IT SOLUTIONS<\/h2>\t\t\t\t<\/div>\n\t\t\t\t<\/div>\n\t\t\t\t<div class=\"elementor-element elementor-element-7bbc1305 elementor-widget elementor-widget-text-editor\" data-id=\"7bbc1305\" data-element_type=\"widget\" data-e-type=\"widget\" data-widget_type=\"text-editor.default\">\n\t\t\t\t<div class=\"elementor-widget-container\">\n\t\t\t\t\t\t\t\t\t<p><strong>Short description of the project:<\/strong><\/p><p>The idea for implementing the project came with the aim of improving the company's operations by introducing new and advanced IT solutions that would bring the company to a higher level of competitiveness on the market. As part of the project, an ERP system will be implemented, with which numerous improvements are expected in all segments of work.<\/p><p>\u00a0<\/p><p><strong>Goals and expected results of the project:<\/strong><\/p><p>The acquisition of new IT equipment will enable us to further introduce the ERP system, which will greatly help us become faster in all business processes within the company.<\/p><p>With the implementation of the ERP system, it is planned to integrate all business processes into one system, which will enable a faster flow of information and thereby create an opportunity to increase production capacity and greater competitiveness on the market.<\/p><p>\u00a0<\/p><p><strong>Total value of the project:\u00a0<\/strong>\u00a01.338.050,58 Kn<\/p><p><strong>Amount co-financed by the EU:<\/strong>\u00a0\u00a0748.608,31 Kn<\/p><p><strong>Project implementation period:<\/strong>\u00a0od 15.02.2020. do 15.05.2021.\u00a0\u00a0<\/p><p><strong>Contact person for more information:\u00a0<\/strong>Vlatka Danani\u0107 Pecak<strong>\u00a0\u2013\u00a0<span id=\"cloak834585d32090b210ea188541ffac6354\"><a href=\"mailto:vlatkadp@hidropneumatika.hr\">vlatkadp@hidropneumatika.hr<\/a><\/span><\/strong><\/p><p>The project was co-financed by the European Union from the European Fund for Regional Development<\/p><p>\u00a0<\/p><p><strong>Relevant websites:<\/strong><\/p><p><a href=\"http:\/\/www.strukturnifondovi.hr\/\" target=\"_blank\" rel=\"noopener\">www.strukturnifondovi.hr<\/a><\/p><p><a href=\"https:\/\/strukturnifondovi.hr\/eu-fondovi\/esi-fondovi-2014-2020\/op-konkurentnost-i-kohezija\/\" target=\"_blank\" rel=\"noopener\">https:\/\/strukturnifondovi.hr\/eu-fondovi\/esi-fondovi-2014-2020\/op-konkurentnost-i-kohezija\/<\/a><\/p><p>\u00a0<\/p><p>\u00a0<\/p><p>The content of the website is the sole responsibility of Hidropneumatika d.o.o.<\/p>\t\t\t\t\t\t\t\t<\/div>\n\t\t\t\t<\/div>\n\t\t\t\t\t<\/div>\n\t\t\t\t<\/div>\n\t\t<div class=\"elementor-element elementor-element-2d03067e e-flex e-con-boxed e-con e-parent\" data-id=\"2d03067e\" data-element_type=\"container\" data-e-type=\"container\">\n\t\t\t\t\t<div class=\"e-con-inner\">\n\t\t\t\t<div class=\"elementor-element elementor-element-1a9cf4fd elementor-widget elementor-widget-gallery\" data-id=\"1a9cf4fd\" data-element_type=\"widget\" data-e-type=\"widget\" data-settings=\"{&quot;gallery_layout&quot;:&quot;justified&quot;,&quot;ideal_row_height&quot;:{&quot;unit&quot;:&quot;px&quot;,&quot;size&quot;:140,&quot;sizes&quot;:[]},&quot;gap&quot;:{&quot;unit&quot;:&quot;px&quot;,&quot;size&quot;:20,&quot;sizes&quot;:[]},&quot;lazyload&quot;:&quot;yes&quot;,&quot;ideal_row_height_tablet&quot;:{&quot;unit&quot;:&quot;px&quot;,&quot;size&quot;:150,&quot;sizes&quot;:[]},&quot;ideal_row_height_mobile&quot;:{&quot;unit&quot;:&quot;px&quot;,&quot;size&quot;:150,&quot;sizes&quot;:[]},&quot;gap_tablet&quot;:{&quot;unit&quot;:&quot;px&quot;,&quot;size&quot;:10,&quot;sizes&quot;:[]},&quot;gap_mobile&quot;:{&quot;unit&quot;:&quot;px&quot;,&quot;size&quot;:10,&quot;sizes&quot;:[]},&quot;link_to&quot;:&quot;file&quot;,&quot;overlay_background&quot;:&quot;yes&quot;,&quot;content_hover_animation&quot;:&quot;fade-in&quot;}\" data-widget_type=\"gallery.default\">\n\t\t\t\t<div class=\"elementor-widget-container\">\n\t\t\t\t\t\t\t<div class=\"elementor-gallery__container\">\n\t\t\t\t\t\t\t<a class=\"e-gallery-item elementor-gallery-item elementor-animated-content\" href=\"https:\/\/hidropneumatika.hr\/wp-content\/uploads\/2023\/10\/eu-logo-zajedno-do-fondova.png\" data-elementor-open-lightbox=\"yes\" data-elementor-lightbox-slideshow=\"1a9cf4fd\" data-elementor-lightbox-title=\"eu-logo-zajedno-do-fondova.png\" data-e-action-hash=\"#elementor-action%3Aaction%3Dlightbox%26settings%3DeyJpZCI6MTYsInVybCI6Imh0dHBzOlwvXC9oaWRyb3BuZXVtYXRpa2EuaHJcL3dwLWNvbnRlbnRcL3VwbG9hZHNcLzIwMjNcLzEwXC9ldS1sb2dvLXphamVkbm8tZG8tZm9uZG92YS5wbmciLCJzbGlkZXNob3ciOiIxYTljZjRmZCJ9\">\n\t\t\t\t\t<div class=\"e-gallery-image elementor-gallery-item__image\" data-thumbnail=\"https:\/\/hidropneumatika.hr\/wp-content\/uploads\/2023\/10\/eu-logo-zajedno-do-fondova.png\" data-width=\"384\" data-height=\"342\" aria-label=\"\" role=\"img\" ><\/div>\n\t\t\t\t\t\t\t\t\t\t\t<div class=\"elementor-gallery-item__overlay\"><\/div>\n\t\t\t\t\t\t\t\t\t\t\t\t\t\t<\/a>\n\t\t\t\t\t\t\t<a class=\"e-gallery-item elementor-gallery-item elementor-animated-content\" href=\"https:\/\/hidropneumatika.hr\/wp-content\/uploads\/2023\/10\/ESI-logotip_boja_bez-pozadine_manji-1.png\" data-elementor-open-lightbox=\"yes\" data-elementor-lightbox-slideshow=\"1a9cf4fd\" data-elementor-lightbox-title=\"ESI-logotip_boja_bez-pozadine_manji.png\" data-e-action-hash=\"#elementor-action%3Aaction%3Dlightbox%26settings%3DeyJpZCI6MTUsInVybCI6Imh0dHBzOlwvXC9oaWRyb3BuZXVtYXRpa2EuaHJcL3dwLWNvbnRlbnRcL3VwbG9hZHNcLzIwMjNcLzEwXC9FU0ktbG9nb3RpcF9ib2phX2Jlei1wb3phZGluZV9tYW5qaS0xLnBuZyIsInNsaWRlc2hvdyI6IjFhOWNmNGZkIn0%3D\">\n\t\t\t\t\t<div class=\"e-gallery-image elementor-gallery-item__image\" data-thumbnail=\"https:\/\/hidropneumatika.hr\/wp-content\/uploads\/2023\/10\/ESI-logotip_boja_bez-pozadine_manji-1.png\" data-width=\"1256\" data-height=\"413\" aria-label=\"\" role=\"img\" ><\/div>\n\t\t\t\t\t\t\t\t\t\t\t<div class=\"elementor-gallery-item__overlay\"><\/div>\n\t\t\t\t\t\t\t\t\t\t\t\t\t\t<\/a>\n\t\t\t\t\t\t\t<a class=\"e-gallery-item elementor-gallery-item elementor-animated-content\" href=\"https:\/\/hidropneumatika.hr\/wp-content\/uploads\/2023\/10\/Flag_of_Croatia.svg_.png\" data-elementor-open-lightbox=\"yes\" data-elementor-lightbox-slideshow=\"1a9cf4fd\" data-elementor-lightbox-title=\"Flag_of_Croatia.svg_.png\" data-e-action-hash=\"#elementor-action%3Aaction%3Dlightbox%26settings%3DeyJpZCI6MTQsInVybCI6Imh0dHBzOlwvXC9oaWRyb3BuZXVtYXRpa2EuaHJcL3dwLWNvbnRlbnRcL3VwbG9hZHNcLzIwMjNcLzEwXC9GbGFnX29mX0Nyb2F0aWEuc3ZnXy5wbmciLCJzbGlkZXNob3ciOiIxYTljZjRmZCJ9\">\n\t\t\t\t\t<div class=\"e-gallery-image elementor-gallery-item__image\" data-thumbnail=\"https:\/\/hidropneumatika.hr\/wp-content\/uploads\/2023\/10\/Flag_of_Croatia.svg_.png\" data-width=\"1200\" data-height=\"600\" aria-label=\"\" role=\"img\" ><\/div>\n\t\t\t\t\t\t\t\t\t\t\t<div class=\"elementor-gallery-item__overlay\"><\/div>\n\t\t\t\t\t\t\t\t\t\t\t\t\t\t<\/a>\n\t\t\t\t\t\t\t<a class=\"e-gallery-item elementor-gallery-item elementor-animated-content\" href=\"https:\/\/hidropneumatika.hr\/wp-content\/uploads\/2023\/10\/OPKK-960-640-p-C-80.jpg\" data-elementor-open-lightbox=\"yes\" data-elementor-lightbox-slideshow=\"1a9cf4fd\" data-elementor-lightbox-title=\"OPKK-960-640-p-C-80.jpg\" data-e-action-hash=\"#elementor-action%3Aaction%3Dlightbox%26settings%3DeyJpZCI6NTIsInVybCI6Imh0dHBzOlwvXC9oaWRyb3BuZXVtYXRpa2EuaHJcL3dwLWNvbnRlbnRcL3VwbG9hZHNcLzIwMjNcLzEwXC9PUEtLLTk2MC02NDAtcC1DLTgwLmpwZyIsInNsaWRlc2hvdyI6IjFhOWNmNGZkIn0%3D\">\n\t\t\t\t\t<div class=\"e-gallery-image elementor-gallery-item__image\" data-thumbnail=\"https:\/\/hidropneumatika.hr\/wp-content\/uploads\/2023\/10\/OPKK-960-640-p-C-80.jpg\" data-width=\"593\" data-height=\"393\" aria-label=\"\" role=\"img\" ><\/div>\n\t\t\t\t\t\t\t\t\t\t\t<div class=\"elementor-gallery-item__overlay\"><\/div>\n\t\t\t\t\t\t\t\t\t\t\t\t\t\t<\/a>\n\t\t\t\t\t<\/div>\n\t\t\t\t\t<\/div>\n\t\t\t\t<\/div>\n\t\t\t\t\t<\/div>\n\t\t\t\t<\/div>\n\t\t\t\t<\/div>","protected":false},"excerpt":{"rendered":"<p>POBOLJ\u0160ANJE KONKURENTNOSTI I U\u010cINKOVITOSTI UVO\u0110ENJEM NAPREDNIH INFORMATI\u010cKIH RJE\u0160ENJA Kratki opis projekta: Ideja za provo\u0111enje projekta je do\u0161la s ciljem da se unaprijedi poslovanje tvrtke uvo\u0111enjem novih i naprednih informati\u010dkih rje\u0161enja koja bi dovela tvrtku na vi\u0161u razinu konkurentnosti na tr\u017ei\u0161tu. U okviru projekta implementirat \u0107e se ERP sustav s kojim se o\u010dekuju brojna pobolj\u0161anja u [&hellip;]<\/p>\n","protected":false},"author":1,"featured_media":0,"parent":0,"menu_order":0,"comment_status":"closed","ping_status":"closed","template":"","meta":{"ocean_post_layout":"","ocean_both_sidebars_style":"","ocean_both_sidebars_content_width":0,"ocean_both_sidebars_sidebars_width":0,"ocean_sidebar":"","ocean_second_sidebar":"","ocean_disable_margins":"enable","ocean_add_body_class":"","ocean_shortcode_before_top_bar":"","ocean_shortcode_after_top_bar":"","ocean_shortcode_before_header":"","ocean_shortcode_after_header":"","ocean_has_shortcode":"","ocean_shortcode_after_title":"","ocean_shortcode_before_footer_widgets":"","ocean_shortcode_after_footer_widgets":"","ocean_shortcode_before_footer_bottom":"","ocean_shortcode_after_footer_bottom":"","ocean_display_top_bar":"default","ocean_display_header":"default","ocean_header_style":"","ocean_center_header_left_menu":"","ocean_custom_header_template":"","ocean_custom_logo":0,"ocean_custom_retina_logo":0,"ocean_custom_logo_max_width":0,"ocean_custom_logo_tablet_max_width":0,"ocean_custom_logo_mobile_max_width":0,"ocean_custom_logo_max_height":0,"ocean_custom_logo_tablet_max_height":0,"ocean_custom_logo_mobile_max_height":0,"ocean_header_custom_menu":"","ocean_menu_typo_font_family":"","ocean_menu_typo_font_subset":"","ocean_menu_typo_font_size":0,"ocean_menu_typo_font_size_tablet":0,"ocean_menu_typo_font_size_mobile":0,"ocean_menu_typo_font_size_unit":"px","ocean_menu_typo_font_weight":"","ocean_menu_typo_font_weight_tablet":"","ocean_menu_typo_font_weight_mobile":"","ocean_menu_typo_transform":"","ocean_menu_typo_transform_tablet":"","ocean_menu_typo_transform_mobile":"","ocean_menu_typo_line_height":0,"ocean_menu_typo_line_height_tablet":0,"ocean_menu_typo_line_height_mobile":0,"ocean_menu_typo_line_height_unit":"","ocean_menu_typo_spacing":0,"ocean_menu_typo_spacing_tablet":0,"ocean_menu_typo_spacing_mobile":0,"ocean_menu_typo_spacing_unit":"","ocean_menu_link_color":"","ocean_menu_link_color_hover":"","ocean_menu_link_color_active":"","ocean_menu_link_background":"","ocean_menu_link_hover_background":"","ocean_menu_link_active_background":"","ocean_menu_social_links_bg":"","ocean_menu_social_hover_links_bg":"","ocean_menu_social_links_color":"","ocean_menu_social_hover_links_color":"","ocean_disable_title":"default","ocean_disable_heading":"default","ocean_post_title":"","ocean_post_subheading":"","ocean_post_title_style":"","ocean_post_title_background_color":"","ocean_post_title_background":0,"ocean_post_title_bg_image_position":"","ocean_post_title_bg_image_attachment":"","ocean_post_title_bg_image_repeat":"","ocean_post_title_bg_image_size":"","ocean_post_title_height":0,"ocean_post_title_bg_overlay":0.5,"ocean_post_title_bg_overlay_color":"","ocean_disable_breadcrumbs":"default","ocean_breadcrumbs_color":"","ocean_breadcrumbs_separator_color":"","ocean_breadcrumbs_links_color":"","ocean_breadcrumbs_links_hover_color":"","ocean_display_footer_widgets":"default","ocean_display_footer_bottom":"default","ocean_custom_footer_template":"","iawp_total_views":0,"footnotes":""},"class_list":["post-90","page","type-page","status-publish","hentry","entry","owp-thumbs-layout-horizontal","owp-btn-normal","owp-tabs-layout-horizontal","has-no-thumbnails","has-product-nav"],"_links":{"self":[{"href":"https:\/\/hidropneumatika.hr\/en\/wp-json\/wp\/v2\/pages\/90","targetHints":{"allow":["GET"]}}],"collection":[{"href":"https:\/\/hidropneumatika.hr\/en\/wp-json\/wp\/v2\/pages"}],"about":[{"href":"https:\/\/hidropneumatika.hr\/en\/wp-json\/wp\/v2\/types\/page"}],"author":[{"embeddable":true,"href":"https:\/\/hidropneumatika.hr\/en\/wp-json\/wp\/v2\/users\/1"}],"replies":[{"embeddable":true,"href":"https:\/\/hidropneumatika.hr\/en\/wp-json\/wp\/v2\/comments?post=90"}],"version-history":[{"count":7,"href":"https:\/\/hidropneumatika.hr\/en\/wp-json\/wp\/v2\/pages\/90\/revisions"}],"predecessor-version":[{"id":174,"href":"https:\/\/hidropneumatika.hr\/en\/wp-json\/wp\/v2\/pages\/90\/revisions\/174"}],"wp:attachment":[{"href":"https:\/\/hidropneumatika.hr\/en\/wp-json\/wp\/v2\/media?parent=90"}],"curies":[{"name":"wp","href":"https:\/\/api.w.org\/{rel}","templated":true}]}}